{"id":13572,"date":"2023-02-01T19:16:34","date_gmt":"2023-02-01T18:16:34","guid":{"rendered":"https:\/\/vivalagaia.com\/splosni-pogoji-poslovanja-spletne-trgovine\/"},"modified":"2024-02-12T08:50:57","modified_gmt":"2024-02-12T07:50:57","slug":"splosni-pogoji-poslovanja-spletne-trgovine","status":"publish","type":"page","link":"https:\/\/vivalagaia.com\/sl\/splosni-pogoji-poslovanja-spletne-trgovine\/","title":{"rendered":"Splo\u0161ni pogoji poslovanja"},"content":{"rendered":"\t\t<div data-elementor-type=\"wp-page\" data-elementor-id=\"13572\" class=\"elementor elementor-13572 elementor-11658\">\n\t\t\t\t\t\t<section class=\"wd-negative-gap elementor-section elementor-top-section elementor-element elementor-element-c73c34f elementor-section-boxed elementor-section-height-default elementor-section-height-default wd-section-disabled\" data-id=\"c73c34f\" data-element_type=\"section\">\n\t\t\t\t\t\t<div class=\"elementor-container elementor-column-gap-default\">\n\t\t\t\t\t<div class=\"elementor-column elementor-col-100 elementor-top-column elementor-element elementor-element-a08a617\" data-id=\"a08a617\" data-element_type=\"column\">\n\t\t\t<div class=\"elementor-widget-wrap elementor-element-populated\">\n\t\t\t\t\t\t<div class=\"elementor-element elementor-element-0b5a0f6 elementor-widget elementor-widget-wd_text_block\" data-id=\"0b5a0f6\" data-element_type=\"widget\" data-widget_type=\"wd_text_block.default\">\n\t\t\t\t<div class=\"elementor-widget-container\">\n\t\t\t\t\t<div class=\"wd-text-block reset-last-child text-left\">\n\t\t\t\n\t\t\t<p><strong>Dobrodo\u0161li v na\u0161i spletni trgovini https:\/\/www.vivalagaia.com, ki omogo\u010da fizi\u010dnim in pravnim osebam ugoden in preprost nakup izdelkov iz na\u0161ega prodajnega kataloga.<\/strong><\/p><p><strong>1. Izkaznica podjetja<\/strong><\/p><p>ARHEL projektiranje in in\u017eeniring d.o.o.<br>Naslov: Poslovna cona \u017deje pri Komendi, Pod lipami 35, 1218 Komenda, Slovenia<br>Dav\u010dna \u0161tevilka: SI63097028<br>Mati\u010dna \u0161tevilka: 1763881000<br>TRR: IBAN SI56 0230 3025 6686 409 (NLB d.d.)<br>tel.: +386 59 033 386<br>e-mail: info@vivalagaia.com ( info@arhel.si )<br><strong>Arhel d.o.o. je edini lastnik in nosilec blagovne znamke VivaLaGaia in spletne trgovine: https:\/\/www.vivalagaia.com.<\/strong><\/p><p><strong>2. Splo\u0161ni pogoji poslovanja<\/strong><\/p><p>V splo\u0161nih pogojih poslovanja spletne trgovine so opredeljeni pogoji prodaje in nakupa izdelkov, ki so na voljo v spletni trgovini, ter pravice in obveznosti ponudnika in kupca.<br>Kupec se strinja s splo\u0161nimi pogoji, ki so veljavni v trenutku nakupa oz. oddaje spletnega naro\u010dila.<br>Ti pogoji so sestavljeni v skladu z razli\u010dnimi zakoni jurisdikcije sede\u017ea podjetja, med drugim:<\/p><ul><li>Obligacijskim zakonikom Republike Slovenije,<br>Zakonom o varstvu potro\u0161nikov,<\/li><li>Zakonom o elektronskem poslovanju na trgu,<\/li><li>Zakonom o varstvu osebnih podatkov,<\/li><li>Zakonom o omejevanju porabe alkohola,<\/li><li>Zakonom o omejevanju uporabe toba\u010dnih izdelkov,<\/li><li>Zakonom o elektronskih komunikacijah,<\/li><li>Zakonom o zdravstveni ustreznosti \u017eivil in izdelkov ter snovi, ki prihajajo v stik z \u017eivili.<\/li><\/ul><p>Kupec potrjuje in sprejema te pogoje pri oddaji in potrditvi naro\u010dila ter se zavezuje, da se bo dr\u017eal vseh dolo\u010db in pogojev ter politike zasebnosti.<br>Vsi uporabniki, ki so mladoletni v jurisdikciji, v kateri prebivajo (obi\u010dajno mlaj\u0161i od 18 let), morajo imeti dovoljenje in neposredni nadzor svojih star\u0161ev ali skrbnikov za uporabo Storitev. \u010ce ste mladoletni, morate svoje star\u0161e ali skrbnike pozvati, da preberejo in se strinjajo s temi pravnimi pogoji, preden nadaljujete z uporabo storitev na spletni strani.<\/p><p>Z strinjanjem s splo\u0161nimi pogoji in pravili poslovanja podjetja\/spletne trgovine se hkrati strinjate tudi s periodi\u010dnim prejemanjem promocijskega gradiva in novic podjetja. \u010ce se odlo\u010dite za odjavo od novic podjetja, nam prosim po\u0161ljite elektronsko sporo\u010dilo s svojo zahtevo na: <a href=\"mailto:shop@vivalagaia.com\" target=\"_new\">shop@vivalagaia.com<\/a>. <\/p><p>Podjetje si pridr\u017euje pravico, da Splo\u0161ne pogoje poslovanja lahko kadarkoli spremeni (brez posebne najave) in jih objavi na spletni strani trgovine.<\/p><p><strong>3. Izdelki in cene<\/strong><\/p><p>Vsi izdelki so odvisni od razpolo\u017eljivosti.<\/p><p>Pridr\u017eujemo si pravico, da kadarkoli in zaradi kakr\u0161negakoli razloga prekinemo proizvodnjo in\/ali prodajo katerihkoli izdelkov.<\/p><p>Vse cene (za vse izdelke) v spletni so podvr\u017eene spremembam.<\/p><p>Objavljene cene za nakup izdelkov veljajo samo za nakup v spletni trgovini.<\/p><p>Cene izdelkov, ki so prikazane v spletni trgovini, so v evrih in vklju\u010dujejo davek na dodano vrednost (DDV).<\/p><p>Kupec pla\u010da blago po cenah, ki veljajo na dan, ko je bilo naro\u010dilo oddano in ko podjetje po\u0161lje stranki e-sporo\u010dilo glede potrditve naro\u010dila.<\/p><p>Cene ne vklju\u010dujejo stro\u0161kov po\u0161tnine in pakiranja, razen \u010de je izrecno navedeno druga\u010de.<\/p><p>Cene izdelkov se lahko spremenijo brez predhodnega obvestila.<\/p><p>Po\u0161tnina je odvisna od GLS storitev in se bora\u010duna na blagajni glede na koli\u010dino nakupa in naslov dostave.<\/p><p>Pri pla\u010dilu po povzetju se vam zara\u010duna provizijo v vi\u0161ini 1,49 EUR za posamezno naro\u010dilo, ne glede na vi\u0161ino kupnine.<\/p><p><strong>Popusti in promocijske kode<\/strong><\/p><p>V spletni trgovini so izdelki, ki se prodajajo po zni\u017eani ceni, posebej ozna\u010deni.<\/p><p>Za uporabo promocijskih kod veljajo posebni pogoji, ki so dolo\u010deni ob objavi promocijske kode.<\/p><p>Promocijske kode se ne smejo uporabljati v kombinaciji z drugimi popusti ali promocijskimi kodami, razen, \u010de je izrecno navedeno druga\u010de.<\/p><p><strong>Napake v cenah<\/strong><\/p><p>\u010ce pride do napake v ceni izdelka, se podjetje obvezuje da bo stopilo v stik s kupcem in ponudilo pravilno ceno.<\/p><p>Kupec lahko izbere, ali \u017eeli kupiti izdelek po pravilni ceni ali pa brezpla\u010dno odstopiti od nakupa.<\/p><p><strong>4. Naro\u010danje in pla\u010devanje<\/strong><\/p><p>Pla\u010dilo za naro\u010deno blago se izvr\u0161i vnaprej po predra\u010dunu, razen \u010de ni izrecno dolo\u010deno druga\u010de.<\/p><p>Blago se odpremi po prejemu pla\u010dila na ra\u010dun podjetja.<\/p><p>Sprejemamo naslednje na\u010dine pla\u010dila:<br>\u2022 Visa<br>\u2022 Mastercard <br>\u2022 Maestro<\/p><p>Ponudniki pla\u010dilnih storitev so odgovorni za varovanje osebnih podatkov in pla\u010dilnih informacij.<\/p><p>Podjetje uporablja ustrezna tehni\u010dna in organizacijska sredstva za zagotavljanje varnosti in zaupnosti osebnih podatkov ter pla\u010dilnih informacij za vse druge vidike v skladu z uredbo GDPR in Zakonom o varstvu osebnih podatkov.<\/p><p>Z oddanim naro\u010dilom se kupec strinja, da za vsa nakupovanja prek spletne trgovine zagotovi trenutne, popolne in natan\u010dne podatke o nakupu in ra\u010dunu. Nadalje se kupec strinja, da bo pravo\u010dasno posodobil podatke o ra\u010dunu in pla\u010dilu, vklju\u010dno z e-po\u0161tnim naslovom, na\u010dinom pla\u010dila in datumom poteka pla\u010dilne kartice, da bomo lahko dokon\u010dali transakcije in vas kontaktirali po potrebi.<\/p><p>Vsa pla\u010dila morajo biti v evrih.<\/p><p>Po uspe\u0161no opravljenem pla\u010dilu bo podjetje kupcu poslalo ra\u010dun za naro\u010deno blago ali storitev v obliki PDF dokumenta na e-po\u0161tni naslov in naknadno v fizi\u010dni obliki skupaj s paketom, na naslov, ki ga je kupec navedel ob oddaji naro\u010dila preko spletne strani dru\u017ebe.<\/p><p>Kupec ima dol\u017enost pregledati vse podatke in specifikacije naro\u010dila pred izvedbo naro\u010dila. Morebitni ugovori v zvezi z nepravilnostmi na izdanih ra\u010dunih, ki se bodo podali kasneje, ne bodo upo\u0161tevani.<\/p><p>Podjetje si pridr\u017euje pravico do zavrnitve vsakega naro\u010dila, oddanega prek spletne trgovine.<\/p><p>Podjetje si pridr\u017euje pravico do omejitve ali preklica koli\u010dine, kupljene na osebo, gospodinjstvo ali naro\u010dilo. Ta omejitev lahko vklju\u010duje naro\u010dila, ki jih je oddal isti kupec, isti na\u010din pla\u010dila in \/ ali naro\u010dila, ki uporabljajo isti naslov za obra\u010dun ali dostavo.<\/p><p>Vsa pla\u010dila se pla\u010da na ra\u010dun podjetja: IBAN SI56 0230 3025 6686 409 (NLB d.d. - Slovenia)<\/p><p><strong>5. Dostava in prevzem<\/strong><\/p><p>Izdelki bodo dostavljeni na naslov, ki je naveden ob \u010dasu nakupa in oddaji naro\u010dila.<\/p><p>Dostavo izvaja izklju\u010dno kurirska slu\u017eba GLS. Izdelki so pakirani v dostavne \u0161katle, da se izdelki med transportom ne izgubijo in\/ali po\u0161kodujejo.<\/p><ul><li>Dostava po Sloveniji je za naro\u010dila nad 30 EUR brezpla\u010dna. Za naro\u010dila ni\u017eja od 30 EUR se dostava zara\u010duna 4 EUR.<\/li><li>Dostava na Hrva\u0161ko je brezpla\u010dna za naro\u010dila nad 100 EUR. Za naro\u010dila ni\u017eja od 100 EUR se dostava zara\u010duna 10 EUR.<\/li><li>Dostava v Avstrijo, Belgijo, Nem\u010dijo, Luksenburg in Nizozemsko je brezpla\u010dna za naro\u010dila nad 100 EUR. Za naro\u010dila ni\u017eja od 100 EUR se dostava zara\u010duna 15 EUR.<\/li><li>Dostava v Italijo in na Dansko je brezpla\u010dna za naro\u010dila nad 100 EUR. Za naro\u010dila ni\u017eja od 100 EUR se dostava zara\u010duna 16 EUR.<\/li><li>Dostava v Francijo, Litvo, Monako, Veliko Britanijo in na \u010ce\u0161ko, Mad\u017earsko, Poljsko in Slova\u0161ko je brezpla\u010dna za naro\u010dila nad 100 EUR. Za naro\u010dila ni\u017eja od 100 EUR se dostava zara\u010duna 15 EUR.<\/li><\/ul><p>Naro\u010dila, oddana do 12. ure na delovni dan, bodo odposlana v roku 1\u20133 delovnih dni.<\/p><p>Dostava paketov po Sloveniji je dan po prevzemu, med 8:00 in 17:00.<\/p><p>Pred prevzemom po\u0161iljke je kupec dol\u017ean pregledati morebitne zunanje po\u0161kodbe in jih takoj prijaviti dostavljavcu, ki je dostavil blago. \u010ce so vidne zunanje po\u0161kodbe, mora kupec zavrniti prevzem po\u0161iljke oz. podati prijavo dostavljavcu.<\/p><p>Ob prejemu blaga prosimo, da preverite pravilnost naro\u010dila ter v primeru manjkajo\u010dega blaga o tem nemudoma obvestite dostavljavca. Kupec mora ob prevzemu blaga podpisati dobavnico ali dostavnico, kar kurirska slu\u017eba uporabi kot potrditev prevzema.<\/p><p>\u010ce kupec prejme paket z druga\u010dnimi izdelki, kot jih je naro\u010dil, ima pravico do dostave pravilnih izdelkov. V primeru, da to ni mogo\u010de, je kupec upravi\u010den do vra\u010dila kupnine, stro\u0161kov po\u0161iljanja in vra\u010dila izdelkov, ter je dol\u017ean vrniti napa\u010dno dostavljene izdelke.<\/p><p>V primeru zamude pri dostavi, bo podjetje obvestilo kupca in se dogovorilo za nov dobavni rok.<\/p><p>\u010ce se ne more dose\u010di dogovora, ima kupec pravico do preklica naro\u010dila.<\/p><p>Ob prevzemu izdelka kupec prejme vse dokumente, ki spremljajo izdelek, kot so ra\u010dun in potrdilo o prejemu po\u0161iljke, ki ju mora podpisati.<\/p><p>Podpis potrdila o prejemu po\u0161iljke pomeni, da je izdelek prevzet brez vidnih zunanjih po\u0161kodb.<\/p><p>Blago je zavarovano pred izgubo med dostavo, vendar podjetje ne odgovarja za zamude ali po\u0161kodbe izdelkov med dostavo.<br>V primeru vi\u0161je sile v skladu z 153. \u010dlenom Obligacijskega zakonika dru\u017eba ne odgovarja za zamudo ali nedobavo blaga.<\/p><p>Dostavna slu\u017eba je na voljo od 7:00 do 19:00 na \u0161tevilki +386 1 500 11 50 in na info@gls-slovenia.com.<\/p><p><strong>6. Vra\u010dila izdelkov in denarja<\/strong><\/p><p>Kupec lahko brez navajanja razloga enostransko odstopi od pogodbe v 14 dneh od prejema blaga v skladu s 1. odstavkom 43.\u010d \u010dlena Zakona o varstvu potro\u0161nikov, razen v primeru, ko je storitev v celoti \u017ee opravljena.<\/p><p>Kupec ima pravico do vra\u010dila blaga v primeru dostave blaga, ki ni bilo naro\u010deno, ali dostave blaga z napako ali po\u0161kodbo, ki ni nastala med prevozom.<\/p><p>\u010ce potro\u0161nik povzro\u010di zmanj\u0161anje vrednosti blaga zaradi ravnanja, ki ni nujno potrebno za ugotovitev narave, lastnosti in delovanja blaga, je odgovoren za to zmanj\u0161anje vrednosti v skladu z 9. odstavkom 43.d \u010dlena Zakona o varstvu potro\u0161nikov.<\/p><p>Vrnjeni izdelek mora biti v originalni embala\u017ei z deklaracijo in spremljajo\u010do vsebino, vklju\u010dno z ra\u010dunom in drugo spremljajo\u010do vsebino, ki je bila poslana skupaj z blagom.<\/p><p>Podjetje Arhel d.o.o. lahko dolo\u010di pogoje vra\u010dila blaga in odstotek zmanj\u0161anja zneska vra\u010dila kupcu zaradi zmanj\u0161anja vrednosti izdelka.<\/p><p>Prosimo upo\u0161tevajte, da ne sprejemamo po\u0161iljk z odkupnino na na\u0161 naslov.<\/p><p>Kupec krije stro\u0161ke vra\u010dila blaga.<\/p><p>V primeru utemeljene skrite napake, ki jo ugotovite po odprtju izdelka, lahko enostransko odpoveste pogodbo in zahtevate povrnitev kupnine, zamenjavo izdelka, odpravo napake ali zni\u017eanje cene.<\/p><p><strong>7. Reklamacija<\/strong><\/p><p>Prito\u017ebe in reklamacije na izdelke in\/ali storitve obravnavamo v skladu z Zakonom o varstvu potro\u0161nikov.<\/p><p>\u010ce ima kupec kakr\u0161no koli prito\u017ebo in\/ali reklamacijo, nas lahko kontaktira preko e-po\u0161te na info@vivalagaia.si in\/ali pisno na naslov: Arhel d.o.o., Pod lipami 35, 1218 \u017deje pri Komendi ali po telefonu na +386 59 033 386 (pon. - pet., 08:00-16:00).<\/p><p>V primeru reklamacije nam le-to sporo\u010dite \u010dim prej oziroma v dveh delovnih dneh po prejemu po\u0161iljke.<\/p><p>Za hitrej\u0161o obdelavo reklamacije, nam prosimo posredujte \u0161tevilko naro\u010dila, \u0161tevilko ra\u010duna ter va\u0161e kontaktne podatke.<\/p><p>Ob prejemu pisne prito\u017ebe\/reklamacije bomo brez odla\u0161anja potrdili njen prejem in nanjo odgovorili najkasneje v 15 dneh od datuma prejema.<\/p><p>V primeru utemeljene reklamacije vam nudimo mo\u017enost odpovedi pogodbe z vra\u010dilom kupnine ali zamenjavo izdelka.<\/p><p>Stro\u0161ke zamenjave izdelka v primeru utemeljene reklamacije krije podjetje.<\/p><p><strong>8. Omejitev odgovornosti<\/strong><\/p><p>Podjetje ni odgovorno za kakr\u0161no koli morebitno \u0161kodo, ki bi nastala kot posledica uporabe spletne trgovine ali nakupa izdelkov preko nje.<\/p><p>Podjetje ne prevzema odgovornosti za kakr\u0161nokoli neposredno, posredno, naklju\u010dno ali posledi\u010dno \u0161kodo, vklju\u010dno z morebitno izgubo dobi\u010dka ali kakr\u0161nokoli drugo \u0161kodo\/izgubo povezano z uporabo storitev in\/ali izdelkov kupljenih preko spletne trgovine in\/ali uporabo podatkov pridobljenih na spletni strani.<\/p><p>Podjetje si pridr\u017euje pravico, da izjemoma odstopi od izvedbe naro\u010dila v primerih, ko naro\u010denih izdelkov ni ve\u010d na zalogi, \u010de se ugotovi pove\u010dana finan\u010dna tveganost kupca ali \u010de je pri\u0161lo do o\u010ditne napake pri ceni izdelkov.<br>V takih in podobnih primerih bo kupec takoj obve\u0161\u010den o morebitnem odstopu od pogodbe s strani podjetja. Poleg tega si podjetje pridr\u017euje mo\u017enost odstopa od pogodbe v primeru bistvene napake v skladu z 46. \u010dlenom Obligacijskega zakonika.<\/p><p><strong>9. Intelektualna lastnina:<\/strong><\/p><p>Vsa vsebina v spletni trgovini (https:\/\/www.vivalagaia.com), vklju\u010dno z besedilom, grafiko, logotipi, slikami in programsko opremo, je v lasti spletne trgovine ali na\u0161ih dajalcev licence in je za\u0161\u010ditena z avtorskimi pravicami in drugimi pravicami intelektualne lastnine.<\/p><p>Vsebina spletne trgovine se ne sme uporabljati, reproducirati ali spreminjati brez izrecnega pisnega soglasja podjetja.<\/p><p><strong>10. Veljavno pravo in re\u0161evanje sporov ter prito\u017eb<\/strong><\/p><p>Vse prodajne pogoje in pogodbe, sklenjene med podjetjem in kupcem, ureja izklju\u010dno pravo Republike Slovenije.<\/p><p>Pogodbeni stranki se zave\u017eeta, da bosta vse morebitne spore re\u0161evali na miren na\u010din.<\/p><p>\u010ce izvensodne poti ne bodo uspe\u0161ne, je za re\u0161evanje spora pristojno krajevno pristojno sodi\u0161\u010de v Republiki Sloveniji, kjer se nahaja sede\u017e podjetja.<\/p><p>Podjetje ne priznava nobenega izvajalca izvensodnega re\u0161evanja potro\u0161ni\u0161kih sporov kot pristojnega za re\u0161evanje potro\u0161ni\u0161kega spora v skladu z Zakonom o izvensodnem re\u0161evanju potro\u0161ni\u0161kih sporov.<\/p><p>Podjetje spo\u0161tuje zakonodajo o varstvu potro\u0161nikov in zagotavlja u\u010dinkovit in zaupen sistem obravnavanja prito\u017eb.<\/p><p>\u010ce kupec \u017eeli vlo\u017eiti prito\u017ebo, jo lahko po\u0161lje na e-po\u0161tni naslov shop@vivalagaia.com.<\/p><p>Podjetje bo kupcu v petnajstih delovnih dneh po prejemu prito\u017ebe potrdilo prejem in ga obvestilo o poteku in trajanju prito\u017ebenega postopka.<\/p><p>Podjetje objavlja in kupcu ponuja elektronsko povezavo na platformo za spletno re\u0161evanje potro\u0161ni\u0161kih sporov (SRPS), ki je na voljo potro\u0161nikom na spletni povezavi: <a href=\"https:\/\/ec.europa.eu\/consumers\/odr\/main\/?event=main.home2.show\">https:\/\/ec.europa.eu\/consumers\/odr\/main\/index.cfm?event=main.home2.show&amp;lng=SL<\/a><\/p><p>Ta ureditev izhaja iz Zakona o izvensodnem re\u0161evanju potro\u0161ni\u0161kih sporov, Uredbe (EU) \u0161t. 524\/2013 Evropskega parlamenta in Sveta o spletnem re\u0161evanju potro\u0161ni\u0161kih sporov ter spremembe Uredbe (ES) \u0161t. 2016\/2004 in Direktive 2009\/22\/ES.<\/p><p><strong>11. Spremembe pogojev poslovanja<\/strong><\/p><p>Podjetje si pridr\u017euje pravico do spremembe ali posodobitve teh pogojev in dolo\u010dil brez predhodnega obvestila.<\/p><p>Z uporabo na\u0161e spletne trgovine se strinjate, da vas zavezuje najnovej\u0161a razli\u010dica teh pogojev. Poleg tega se ob uporabi na\u0161e spletne trgovine strinjate s temi pogoji in dolo\u010dili ter vsemi veljavnimi zakoni in predpisi.<\/p><p>\u010ce imate kakr\u0161na koli vpra\u0161anja ali pomisleke glede teh pogojev in dolo\u010dil, nas lahko kontaktirate na: Arhel d.o.o., Pod lipami 35, 1218 \u017deje pri Komendi, po telefonu na +386 59 033 386 ali preko emaila: shop@vivalagaia.com.<\/p><p><strong>\u017delimo vam prijeten nakup.<\/strong><\/p><p><strong>Hvala.<\/strong><\/p>\n\t\t\t\t\t<\/div>\n\t\t\t\t<\/div>\n\t\t\t\t<\/div>\n\t\t\t\t\t<\/div>\n\t\t<\/div>\n\t\t\t\t\t<\/div>\n\t\t<\/section>\n\t\t\t\t<\/div>\n\t\t","protected":false},"excerpt":{"rendered":"<p>Dobrodo\u0161li v na\u0161i spletni trgovini https:\/\/www.vivalagaia.com, ki omogo\u010da fizi\u010dnim in pravnim osebam ugoden in preprost nakup izdelkov iz na\u0161ega prodajnega<\/p>\n","protected":false},"author":1,"featured_media":0,"parent":0,"menu_order":0,"comment_status":"closed","ping_status":"closed","template":"","meta":{"om_disable_all_campaigns":false,"_monsterinsights_skip_tracking":false,"_monsterinsights_sitenote_active":false,"_monsterinsights_sitenote_note":"","_monsterinsights_sitenote_category":0,"footnotes":""},"aioseo_notices":[],"_links":{"self":[{"href":"https:\/\/vivalagaia.com\/sl\/wp-json\/wp\/v2\/pages\/13572"}],"collection":[{"href":"https:\/\/vivalagaia.com\/sl\/wp-json\/wp\/v2\/pages"}],"about":[{"href":"https:\/\/vivalagaia.com\/sl\/wp-json\/wp\/v2\/types\/page"}],"author":[{"embeddable":true,"href":"https:\/\/vivalagaia.com\/sl\/wp-json\/wp\/v2\/users\/1"}],"replies":[{"embeddable":true,"href":"https:\/\/vivalagaia.com\/sl\/wp-json\/wp\/v2\/comments?post=13572"}],"version-history":[{"count":10,"href":"https:\/\/vivalagaia.com\/sl\/wp-json\/wp\/v2\/pages\/13572\/revisions"}],"predecessor-version":[{"id":16203,"href":"https:\/\/vivalagaia.com\/sl\/wp-json\/wp\/v2\/pages\/13572\/revisions\/16203"}],"wp:attachment":[{"href":"https:\/\/vivalagaia.com\/sl\/wp-json\/wp\/v2\/media?parent=13572"}],"curies":[{"name":"wp","href":"https:\/\/api.w.org\/{rel}","templated":true}]}}