{"id":14519,"date":"2023-08-02T10:52:31","date_gmt":"2023-08-02T09:52:31","guid":{"rendered":"https:\/\/vivalagaia.com\/?page_id=14519"},"modified":"2024-09-03T09:22:16","modified_gmt":"2024-09-03T08:22:16","slug":"nagradna-igra-pravila-in-pogoji","status":"publish","type":"page","link":"https:\/\/vivalagaia.com\/sl\/nagradna-igra-pravila-in-pogoji\/","title":{"rendered":"Nagradna igra &#8211; Pravila in Pogoji"},"content":{"rendered":"\t\t<div data-elementor-type=\"wp-page\" data-elementor-id=\"14519\" class=\"elementor elementor-14519\">\n\t\t\t\t\t\t<section class=\"wd-negative-gap elementor-section elementor-top-section elementor-element elementor-element-ec1443c elementor-section-boxed elementor-section-height-default elementor-section-height-default wd-section-disabled\" data-id=\"ec1443c\" data-element_type=\"section\">\n\t\t\t\t\t\t<div class=\"elementor-container elementor-column-gap-default\">\n\t\t\t\t\t<div class=\"elementor-column elementor-col-100 elementor-top-column elementor-element elementor-element-48844d2\" data-id=\"48844d2\" data-element_type=\"column\">\n\t\t\t<div class=\"elementor-widget-wrap elementor-element-populated\">\n\t\t\t\t\t\t<div class=\"elementor-element elementor-element-5d107f4 elementor-widget elementor-widget-wd_text_block\" data-id=\"5d107f4\" data-element_type=\"widget\" data-widget_type=\"wd_text_block.default\">\n\t\t\t\t<div class=\"elementor-widget-container\">\n\t\t\t\t\t<div class=\"wd-text-block reset-last-child text-left\">\n\t\t\t\n\t\t\t<p><strong>Pravila nagradne igre \u00bb<\/strong><strong>Viva la Gaia \/ <\/strong>Spoznaj Viva la Gaio in povej naprej<strong>\u00ab<\/strong><\/p><p><strong>\u010clen 1: Organizator<\/strong><\/p><p>Nagradno igro prireja, izvaja in organizira: Arhel, d.o.o., Pod lipami 35, 1218 Komenda, dav\u010dna \u0161tevilka SI 63097028 (v nadaljevanju tudi: Organizator).<\/p><p><strong>\u010clen 2: Trajanje, namen in kraj Nagradne igre<\/strong><\/p><p>Namen nagradne igre \u00bbSpoznaj Viva la Gaio in povej naprej\u00ab (v nadaljevanju: Nagradna igra) je promocija Organizatorja na njegovem uradnem Instagram in facebooku profilu Viva la Gaia<\/p><p><strong><a href=\"https:\/\/www.instagram.com\/viva_la_gaia\/\"><span style=\"color: #3366ff;\">https:\/\/www.instagram.com\/viva_la_gaia<\/span>\/<\/a><\/strong><\/p><p><span style=\"color: #3366ff;\"><strong><a style=\"color: #3366ff;\" href=\"https:\/\/www.facebook.com\/viva.la.gaia\/\">https:\/\/www.facebook.com\/viva.la.gaia\/<\/a><\/strong><\/span><\/p><p>Nagradna igra poteka od <strong>03. 09. 2024 od 11.00 do 09. 09. 2024 do 23.59,<\/strong> nana\u0161a pa se na celotno obmo\u010dje Republike Slovenije.<\/p><p>Oseba, ki sodeluje v Nagradni igri, se v nadaljevanju besedila imenuje Sodelujo\u010di.<\/p><p><strong>\u010clen 3: Kanali promocije<\/strong><\/p><p>Vse informacije o Nagradni igri bodo dostopne na povezavi na Instagram in Facebook profilu Organizatorja.<\/p><p>Link v BIO na Instagram profilu organizatorja ali v objavi na Facebook profilu vodi na objavo Pravil na naslednji povezavi:<\/p><p><a href=\"https:\/\/vivalagaia.com\/sl\/nagradna-igra-pravila-in-pogoji\/\"><span style=\"color: #3366ff;\"><strong>https:\/\/vivalagaia.com\/sl\/nagradna-igra-pravila-in-pogoji\/<\/strong><\/span><\/a><\/p><p><strong>\u010clen 4: Pravica do sodelovanja<\/strong><\/p><p>V nagradni igri lahko sodelujejo vse uporabnice in uporabniki omre\u017eji Instagram in Facebook, ki kumulativno izpolnjujejo naslednje pogoje (v nadaljevanju: uporabnik):<\/p><ul><li>so registrirani uporabniki dru\u017ebenega omre\u017eja Instagram in Facebook,<\/li><li>so starej\u0161i od 18 let,<\/li><li>so dr\u017eavljani Republike Slovenije s stalnim bivali\u0161\u010dem v Republiki Sloveniji,<\/li><li>sprejemajo ta Pravila nagradne igre (v nadaljevanju: Pravila), kar izrazijo tako, da v komentarju pod objavo ozna\u010dijo dva prijatelja, skladno s 5. \u010dlenom Pravil, in<\/li><li>sprejemajo splo\u0161na pravila dru\u017ebenega omre\u017eja Instagram in Facebooka, kar izrazijo s tem, ko si na teh omre\u017ejih ustvarijo profil,<\/li><li>imajo odklenjen profil.<\/li><\/ul><p>V Nagradni igri ne smejo sodelovati zaposleni pri Organizatorju in njihovi o\u017eji dru\u017einski \u010dlani (star\u0161i, zakonci, otroci, bratje ali sestre), kakor tudi ne osebe, ki so na kakr\u0161enkoli na\u010din sodelovale pri pripravi Nagradne igre.<\/p><p><strong>\u010clen 5: Kako sodelovati v Nagradni igri<\/strong><\/p><p>Uporabnik Instagrama in Facebooka, ki \u017eeli sodelovati v <strong>Nagradni igri,<\/strong> mora<\/p><ul><li>v \u010dasu trajanja nagradne igre po navodilih v\u0161e\u010dkati objavo, v komentar ozna\u010diti dva prijatelja in slediti profilu Organizatorja.<\/li><\/ul><p>\u010ce ima uporabnik zaklenjen Instagram profil, v nagradni igri ne more sodelovati, saj organizator ne more videti njegove objave in je zabele\u017eiti.<\/p><p>Nagrade se podelijo 3 uporabnikom, ki bodo iz\u017erebani in bodo izpolnjevali pravila. Ob \u017erebu se iz\u017ereba \u0161e 3 nadomestne iz\u017erebance, ki bodo v primeru, da se iz\u017erebanec ne odzove na obvestilo, da je iz\u017ereban, ali se nagradi odpove, prejeli nagrado. Nadomestni iz\u017erebanec bo o tem, da je iz\u017ereban, obve\u0161\u010den na enak na\u010din kot prvotni iz\u017erebanec, \u010de se prvotni iz\u017erebanec ne javi v roku, dolo\u010denem v \u010dlenu 6 oziroma \u010de odkloni prevzem nagrade. Nagrade so opisane v \u010dlenu 6.<\/p><p><strong>\u010clen 6: Nagradni sklad nagradn<\/strong><strong>e igre:<\/strong><\/p><p>Nagradni sklad za celotno nagradno igro:<\/p><ul><li><strong>3-krat po \u0161tiri pakete gumi vitaminov Viva boost, 2x gumi bonbone Kretin mo\u010d in regeneracija in 2x gumi bonbone Vzdr\u017eljivost med \u0161portom.<\/strong><\/li><\/ul><p>Nagrajenec bo o tem, da je iz\u017ereban, obve\u0161\u010den preko odgovora na njegov komentar na Instagramu ali Facebooku v 5 dneh po izteku nagradne igre. Nagrajenec mora Organizatorju v roku 3 dni od obvestila posredovati osebne podatke (ime in priimek, naslov za dostavo in kontaktni podatki \u2013 e-naslov in telefonska \u0161tevilka) v neposrednem zasebnem sporo\u010dilu na Instagram ali Facebook profilu Viva la Gaia.<\/p><p>\u010ce v roku treh dni od datuma prejema obvestila nagrajenec ne sporo\u010di zahtevanih osebnih podatkov, mu nagrada ne pripada in bo obve\u0161\u010den nadomestni nagrajenec\/-ka. Za nadomestnega nagrajenca\/-ko veljajo enaki pogoji in roki kot za Nagrajenca\/-ko.<\/p><p>Nagrajenec\/-ka nagrade ne more zamenjati za drugo. Nagrade tudi ni mogo\u010de prenesti na drugo osebo. Nagrada ni izpla\u010dljiva v denarni protivrednosti. Izid \u017ereba je dokon\u010den, prito\u017ebe nanj niso mo\u017ene.<\/p><p>Organizator si pridr\u017euje pravico, da ne podeli posamezne nagrade, \u010de:<\/p><ul><li>iz\u017erebanec\/-ka ne izpolni pogojev za prevzem nagrade,<\/li><li>se pojavi dvom o istovetnosti podatkov (la\u017eni profil in posredovani la\u017eni osebni podatki),<\/li><li>se ugotovi, da je uporabnik v igri sodeloval v nasprotju s temi Pogoji.<\/li><\/ul><p>S sodelovanjem v Nagradni igri se Sodelujo\u010di vnaprej strinjajo in sogla\u0161ajo, da v primeru, da postanejo nagrajenci\/-ke, Organizator lahko objavi njihovo ime in priimek na <a href=\"https:\/\/www.instagram.com\/viva_la_gaia\/\"><strong><span style=\"color: #3366ff;\">https:\/\/www.instagram.com\/viva_la_gaia\/<\/span><\/strong><\/a><\/p><p><a href=\"https:\/\/www.facebook.com\/viva.la.gaia\/\"><strong><span style=\"color: #3366ff;\">https:\/\/www.facebook.com\/viva.la.gaia\/<\/span><\/strong><\/a><\/p><p>Sodelujo\u010di lahko odklonijo prevzem nagrade. \u010ce sodelujo\u010di prevzem nagrade odkloni, se \u0161teje, da nagrade ne \u017eeli sprejeti ter je tako Organizator v razmerju do sodelujo\u010dega prost vseh obveznosti do njega.<\/p><p><strong>\u010clen <\/strong><strong>7: Sodelujo\u010di v Nagradni igri<\/strong><\/p><p>Sodelujo\u010di ne morejo zahtevati nagrade v ve\u010djih koli\u010dinah ali pa druga\u010dne nagrade od navedenih v Pravilih Nagradne igre. S sodelovanjem v Nagradni igri sodelujo\u010di sprejme Pravila Nagradne igre in se obvezuje, da jih bo upo\u0161teval.<\/p><p>Organizator si pridr\u017euje pravico do izklju\u010ditve Sodelujo\u010dega iz Nagradne igre, v kateremkoli trenutku, \u010de Sodelujo\u010di:<\/p><ul><li>prekr\u0161i Pravila;<\/li><li>ne odgovori na sporo\u010dilo Organizatorja o \u017erebu v dolo\u010denem roku ur ali po\u0161lje nepopolne ali napa\u010dne osebne podatke ali zaradi kateregakoli drugega razloga z njim ni mo\u017eno stopiti v stik;<\/li><li>se ne dr\u017ei razpisane naloge Nagradne igre;<\/li><li>objavi vsebino, ki je \u017ealjiva ali vulgarna, omenja javne osebe ali objavi besedilo, ki ni v skladu z zakonom;<\/li><li>objavi vsebino, ki prikazuje otroke in mladoletne osebe.<\/li><\/ul><p>Sodelujo\u010di lahko kadarkoli zahteva prekinitev sodelovanja v Nagradni igri. To zahteva s poslanim elektronskim sporo\u010dilom na naslov <strong><a href=\"mailto:shop@vivalagaia.com\">shop@vivalagaia.com<\/a><\/strong>. \u010ce sodelujo\u010di prekli\u010de sodelovanje \u0161e pred pri\u010detkom nagradne igre, v izboru za nagrado ne bo sodeloval, \u010de prekli\u010de po opravljenem izboru, se ga izklju\u010di iz nadaljnjega sodelovanja in se mu morebitne nagrade ne podeli.<\/p><p><strong>\u010clen <\/strong><strong>8: Napake in nepravilno izpolnjene prijave<\/strong><\/p><p>Ve\u010d sodelujo\u010dih z istim uporabni\u0161kim imenom bo upo\u0161tevano kot en sodelujo\u010di. \u010ce sodelujo\u010di objavi kakr\u0161nokoli neprimerno ali \u017ealjivo vsebino, bo ta odstranjena in ne bo upo\u0161tevana kot veljavna vsebina za sodelovanje v Nagradni igri.<\/p><p><strong>\u010clen <\/strong><strong>9: Publiciteta<\/strong><\/p><p>Ta Nagradna igra ni povezana z dru\u017ebenim omre\u017ejem Instagram Inc., in Facebook, ki nagradne igre ne organizira, sponzorira in z njo ni povezano. S tem, ko se sodelujo\u010di v Nagradni igri pridru\u017ei Nagradni igri, izjavlja, da je starej\u0161i od 18 let, se strinja s splo\u0161nimi pogoji dru\u017ebenega omre\u017eja Instagram Inc. In Facebook ter se zaveda, da v tem primeru Instagram Inc. In Facebook ni odgovoren za izvedbo Nagradne igre.<\/p><p>Podatke posredujete izklju\u010dno za potrebe izvedbe Nagradne igre in za dostavo nagrade nagrajencu, in sicer podjetju Arhel, d.o.o., ne pa dru\u017ebi Instagram Inc, ali Faceook. Naj spomnimo, da sta Instagram in Facebook javna spletna prostora, kjer objava kakr\u0161nekoli vsebine (vklju\u010dno s fotografijami) lahko pomeni vdor v zasebnost tako Sodelujo\u010dih kot tretjih oseb. \u010ce Sodelujo\u010di objavi vsebino\/fotografijo na Instagram ali Facebook strani Organizatorja, se smatra, da je to storil prostovoljno ter da dru\u017eba Arhel ni odgovorna za vsebino in morebitno zlorabo tovrstnih vsebin s strani tretjih oseb.<\/p><p>\u010ce sodelujo\u010di objavi kakr\u0161nokoli vsebino na Instagram ali Facebook profilu Organizatorja (vklju\u010dno s fotografijami, tekstovnimi sporo\u010dili, komentarji in kakr\u0161nimikoli osebnimi podatki), se smatra, da ima Sodelujo\u010di za tak\u0161no objavo vsa potrebna dovoljenja in pravice. S tak\u0161no objavo Sodelujo\u010di Organizatorju dovoli uporabo celotne objavljene vsebine v marketin\u0161ke in katerekoli druge komercialne namene ter se hkrati odpoveduje vsem materialnim in katerimkoli drugim pravicam, povezanim z vsebino.<\/p><p><strong>\u010clen 1<\/strong><strong>0: Vrste in uporaba zbranih informacij\/podatkov<\/strong><\/p><p>S sodelovanjem v Nagradni igri Sodelujo\u010di dru\u017ebi Arhel, d.o.o., dovoljujejo, da obdeluje osebne podatke, ki so jih sami podali v zvezi z Nagradno igro (ime, naslov, e-naslov in telefonska \u0161tevilka) ter jih uporablja v marketin\u0161ke in promocijske namene, povezane z Nagradno igro, krajevno neomejeno, v vseh oblikah medijev. Vse osebne podatke, ki so bili zbrani v povezavi z Nagradno igro, bo Arhel, d.o.o., obdelovali skladno s Politiko zasebnosti dru\u017ebe Arhel ter jih hranili \u0161e eno leto od dne zaklju\u010dka Nagradne igre.<\/p><p>Sodelujo\u010di ima pravico do preklica svoje privolitve za zbiranje in obdelovanje osebnih podatkov v kateremkoli trenutku ter se zaveda in sprejme, da lahko tak\u0161en preklic pomeni nezmo\u017enost sodelovanja v Nagradni igri.<\/p><p>Arhel, d.o.o., bodo osebne podatke, navedene v prvem odstavku tega \u010dlena, uporabili za namen izvedbe Nagradne igre (izvedba Nagradne igre in objava nagrajencev ter stik z nagrajenci z namenom dogovarjanja glede dostave nagrade) ter dostave nagrade nagrajencem.<\/p><p><strong>\u010clen 1<\/strong><strong>1: Pravice sodelujo\u010dih, povezane z osebnimi podatki<br \/><\/strong><\/p><p>Sodelujo\u010di v Nagradni igri lahko z e-sporo\u010dilom na e-naslov <strong><a href=\"mailto:shop@vivalagaia.com\">shop@vivalagaia.com<\/a><\/strong> si pri dru\u017ebi Arhel d.o.o., zahtevajo uresni\u010ditev vseh pravic v zvezi z obdelavo osebnih podatkov, ki jih posamezniku omogo\u010da veljavna zakonodaja.<\/p><p><strong>\u010clen 1<\/strong><strong>2: Objava osebnih informacij\/podatkov<\/strong><\/p><p>Organizator ne bo delil identifikacijskih osebnih podatkov s tretjimi osebami, razen za namene ugotavljanja ustreznosti nagrajenca (npr. ugotavljanje povezanosti z dru\u017ebama Arhel, d.o.o.).<\/p><p>Organizator ima vsa pooblastila, da razkrije osebne informacije\/podatke Sodelujo\u010dih, ko je upravi\u010deno pri\u010dakovati, da bo njihovo razkritje pomagalo pri izvajanju zakonskih ali drugih zahtev s strani dr\u017eavnih organov.<\/p><p>Sodelujo\u010di je seznanjen s tem, da zaradi narave delovanja spletne aplikacije Instagram in Facebook lahko pride do obdelave osebnih podatkov Sodelujo\u010dih v tretjih dr\u017eavah (to je dr\u017eavah, ki niso \u010dlanice EU), pri \u010demer je tovrstna obdelava v domeni aplikacije Instagram ali Facebook oziroma njenega lastnika dru\u017ebe Meta Platforms, Inc. Organizator bo obdeloval le osebne podatke, ki jih sodelujo\u010di sam prostovoljno posreduje in jih sam ne bo izna\u0161al v tretje dr\u017eave.<\/p><p><strong>\u010clen 1<\/strong><strong>3: Dopolnitve in popravki osebnih informacij\/podatkov<\/strong><\/p><p>Sodelujo\u010di lahko z e-sporo\u010dilom na e-naslov <span style=\"color: #3366ff;\"><strong><u>shop@vivalagaia.com<\/u><\/strong><\/span> spremeni katerikoli osebni podatek. V e-sporo\u010dilu mora Sodelujo\u010di navesti ime in priimek, naslov in e-naslov ter informacije, ki jih \u017eeli dopolniti ali spremeniti.<\/p><p><strong>\u010clen 1<\/strong><strong>4: Za\u0161\u010dita podatkov<\/strong><\/p><p>Organizator izvaja tehni\u010dne in organizacijske varnostne ukrepe za za\u0161\u010dito osebnih podatkov. Sodelujo\u010di je seznanjen z dejstvom, da je prenos podatkov prek interneta ali katerekoli brez\u017ei\u010dne mre\u017ee tvegan. \u010ceprav Organizator izvaja komercialno razumne za\u0161\u010ditne ukrepe za za\u0161\u010dito podatkov, ne more zagotavljati za\u0161\u010dite prenosa katerekoli informacije prek dru\u017ebenega omre\u017eja dru\u017ebe Instagram Inc. Ali Facebook oz. spletne strani <strong><span style=\"color: #3366ff;\"><a style=\"color: #3366ff;\" href=\"https:\/\/www.instagram.com\/viva_la_gaia\/\">https:\/\/www.instagram.com\/viva_la_gaia\/<\/a>, <\/span><\/strong><a href=\"https:\/\/www.facebook.com\/viva.la.gaia\/\"><strong><span style=\"color: #3366ff;\">https:\/\/www.facebook.com\/viva.la.gaia\/<\/span><\/strong><\/a><\/p><p>in ni odgovoren za dejanja tretjih oseb, ki bi do tovrstnih informacij nezakonito dostopale.<\/p><p><strong>\u010clen 1<\/strong><strong>5: Zaupnost podatkov tretjih spletnih strani<\/strong><\/p><p>Ta Pravila in pogoji uporabe se nana\u0161ajo izklju\u010dno na uporabo in objavljanje informacij, ki jih Organizator zbira od Sodelujo\u010dih na Instagram strani in Facebook strani <strong><span style=\"color: #3366ff;\"><a style=\"color: #3366ff;\" href=\"https:\/\/www.instagram.com\/viva_la_gaia\/\">https:\/\/www.instagram.com\/viva_la_gaia\/<\/a>, <\/span><\/strong><a href=\"https:\/\/www.facebook.com\/viva.la.gaia\/\"><strong><span style=\"color: #3366ff;\">https:\/\/www.facebook.com\/viva.la.gaia\/<\/span><\/strong><\/a> .<\/p><p>Ostale spletne strani, do katerih je mo\u017eno dostopati prek omenjene Instagram ali Facebook strani, imajo lastne izjave o zaupnosti in zbiranju podatkov. Organizator ni odgovoren za na\u010dine in pogoje dela tretjih strani.<\/p><p><strong>\u010clen 1<\/strong><strong>6: Mladoletni sodelujo\u010di v Nagradni igri<\/strong><\/p><p>Mladoletne osebe ne morejo sodelovati v tej Nagradni igri. \u010ce kljub tem Pravilom mladoletna oseba sodeluje v Nagradni igri, pozneje pa Organizator ugotovi, da je Sodelujo\u010di kr\u0161il 4. \u010dlen teh Pravil, bo ugotovljeno, da mu nagrade ni mogo\u010de podeliti. Nagrada v tem primeru ostane nepodeljena.<\/p><p><strong>\u010clen 1<\/strong><strong>7: V primeru spora<\/strong><\/p><p>Za morebitne spore med Organizatorjem in Sodelujo\u010dim v Nagradni igri je pristojno sodi\u0161\u010de v Ljubljani.<\/p><p><strong>\u010clen <\/strong><strong>18: Mo\u017enost prekinitve Nagradne igre<\/strong><\/p><p>Nagradna igra se lahko prekine v primeru okoli\u0161\u010din, na katere Organizator ne more vplivati in zanje ni odgovoren, ki jih ni bilo mogo\u010de predvideti, se jim izogniti ali jih prepre\u010diti. Organizator ni odgovoren za morebitne tehni\u010dne te\u017eave ali napake pri vnosu podatkov ali za druge razloge, ki niso odvisni od Organizatorja. Sodelujo\u010di sprejme pravice in obveznosti, ki izhajajo iz teh Pravil.<\/p><p><strong>\u010clen <\/strong><strong>19: Spremembe pravil<\/strong><\/p><p>Organizator si pridr\u017euje pravico do spremembe Pravil, o \u010demer bodo vsi Sodelujo\u010di obve\u0161\u010deni na Instagram in Facebook profilu Organizatorja <strong><span style=\"color: #3366ff;\"><a style=\"color: #3366ff;\" href=\"https:\/\/www.instagram.com\/viva_la_gaia\/\">https:\/\/www.instagram.com\/viva_la_gaia\/<\/a>,<\/span><\/strong><\/p><p><strong><span style=\"color: #3366ff;\"><a style=\"color: #3366ff;\" href=\"https:\/\/www.facebook.com\/viva.la.gaia\/\">https:\/\/www.facebook.com\/viva.la.gaia\/<\/a><\/span><\/strong>.<\/p><p>V Ljubljani, 3. 09. 2024<\/p><p>Arhel d.o.o.<\/p>\n\t\t\t\t\t<\/div>\n\t\t\t\t<\/div>\n\t\t\t\t<\/div>\n\t\t\t\t\t<\/div>\n\t\t<\/div>\n\t\t\t\t\t<\/div>\n\t\t<\/section>\n\t\t\t\t<\/div>\n\t\t","protected":false},"excerpt":{"rendered":"<p>Pravila nagradne igre \u00bbViva la Gaia \/ Spoznaj Viva la Gaio in povej naprej\u00ab \u010clen 1: Organizator Nagradno igro prireja,<\/p>\n","protected":false},"author":3,"featured_media":0,"parent":0,"menu_order":0,"comment_status":"closed","ping_status":"closed","template":"","meta":{"om_disable_all_campaigns":false,"_monsterinsights_skip_tracking":false,"_monsterinsights_sitenote_active":false,"_monsterinsights_sitenote_note":"","_monsterinsights_sitenote_category":0,"footnotes":""},"aioseo_notices":[],"_links":{"self":[{"href":"https:\/\/vivalagaia.com\/sl\/wp-json\/wp\/v2\/pages\/14519"}],"collection":[{"href":"https:\/\/vivalagaia.com\/sl\/wp-json\/wp\/v2\/pages"}],"about":[{"href":"https:\/\/vivalagaia.com\/sl\/wp-json\/wp\/v2\/types\/page"}],"author":[{"embeddable":true,"href":"https:\/\/vivalagaia.com\/sl\/wp-json\/wp\/v2\/users\/3"}],"replies":[{"embeddable":true,"href":"https:\/\/vivalagaia.com\/sl\/wp-json\/wp\/v2\/comments?post=14519"}],"version-history":[{"count":25,"href":"https:\/\/vivalagaia.com\/sl\/wp-json\/wp\/v2\/pages\/14519\/revisions"}],"predecessor-version":[{"id":16819,"href":"https:\/\/vivalagaia.com\/sl\/wp-json\/wp\/v2\/pages\/14519\/revisions\/16819"}],"wp:attachment":[{"href":"https:\/\/vivalagaia.com\/sl\/wp-json\/wp\/v2\/media?parent=14519"}],"curies":[{"name":"wp","href":"https:\/\/api.w.org\/{rel}","templated":true}]}}