{"id":13873,"date":"2022-03-08T10:27:50","date_gmt":"2022-03-08T09:27:50","guid":{"rendered":"https:\/\/vivalagaia.com\/products\/nekategorizirano\/sampon-limonska-trava\/"},"modified":"2024-11-21T14:48:35","modified_gmt":"2024-11-21T13:48:35","slug":"sampon-limonska-trava","status":"publish","type":"product","link":"https:\/\/vivalagaia.com\/sl\/produkti\/knock-knock-kozmetika\/sampon-limonska-trava\/","title":{"rendered":"\u0160AMPON LIMONSKA TRAVA"},"content":{"rendered":"<p><strong>Namenjen negi normalnih las.<\/strong><\/p>\n<blockquote><p><strong>\u0160ampon vsebuje olje limonske trave, ki u\u010dinkovito vla\u017ei lase in lasi\u0161\u010de, ekstrat kamilice in kakavovo maslo meh\u010data in negujeta, lepotni vitamin B5 pove\u010da elasti\u010dnost las.<\/strong><\/p><\/blockquote>\n<h5>Zakaj uporabljati trdo kozmetiko?<\/h5>\n<p>Trda kozmetika je narejena iz naravnih sestavin in formulirana z manj konzervansi in stabilizatorji.<\/p>\n<p>Odli\u010dna je za potovanja, ker je lahka, kompaktna in na splo\u0161no ni predmet omejitev glede teko\u010dine med letenjem, se ne razliva ali pu\u0161\u010da v prtljagi.<\/p>\n<p><a href=\"https:\/\/vivalagaia.com\/sl\/blog-sl\/zelite-zmanjsati-okoljski-odtis-vase-kozmetike-preklopite-na-brezvodno-kozmetiko\/\">V primerjavi z teko\u010do kozmetiko ima manj\u0161i okoljski odtis.<\/a><\/p>\n<p>Zahteva manj embala\u017ee, ki obi\u010dajno ni plasti\u010dna ter tako predstavlja prijaznej\u0161o izbiro za okolje.<\/p>\n<p>Pogosto je bolj koncentrirana kot teko\u010da, lahko traja dlje in nudi bolj\u0161e razmerje med ceno in kakovostjo.<\/p>\n<p>Lahko jo uporabljate za ve\u010d namenov. \u0160ampon lahko mirno uporabite tudi za umivanje telesa.<\/p>\n<p>&nbsp;<\/p>\n<p><strong>Konck Knock<\/strong> linija izdelkov vsebuje vrhunske kozmeti\u010dne plo\u0161\u010dice, ki spadajo v kategorijo trde oz brezvodne kozmetike.<\/p>\n","protected":false},"excerpt":{"rendered":"<p><strong>Knock, Knock<\/strong><br \/>\n<strong>\u0160AMPON LIMONSKA TRAVA<\/strong><br \/>\n<strong>MEH\u010cA IN VLA\u017dI<\/strong><\/p>\n<p>Revolucionaren na\u010din do\u017eivljanja prednosti naravne, trajnostne lepote. Trde kozmeti\u010dne plo\u0161\u010dice niso dobre le za va\u0161o ko\u017eo in lase, temve\u010d tudi za okolje!<\/p>\n<ul>\n<li>U\u010dinkovito, vla\u017eilno, \u010distilno in negovalno<\/li>\n<li>Okolju prijazna alternativa teko\u010dim izdelkom za nego telesa in las!<\/li>\n<li>Naravna in trajnostna negovalna kozmetika!<\/li>\n<li>Potovanju prijazno \u2013 brez razlivanja, brez pu\u0161\u010danja, manj zavzetega prostora!<\/li>\n<li>Dolgotrajna in var\u010dna izbira!<\/li>\n<\/ul>\n<blockquote><p><strong>Kakavovo maslo je zelo prijetno ne le za brbon\u010dice, ampak tudi za ko\u017eo in lase.<\/strong><\/p><\/blockquote>\n<p>Ste naveli\u010dani &#8220;navadnega&#8221;? Preizkusite na\u0161 trdi \u0161ampon z limonsko travo in kakavovim maslom.<\/p>\n","protected":false},"featured_media":12924,"comment_status":"closed","ping_status":"closed","template":"","meta":{"om_disable_all_campaigns":false,"_monsterinsights_skip_tracking":false,"_monsterinsights_sitenote_active":false,"_monsterinsights_sitenote_note":"","_monsterinsights_sitenote_category":0},"product_cat":[181,182],"product_tag":[211,194,195,193,210,215],"aioseo_notices":[],"_links":{"self":[{"href":"https:\/\/vivalagaia.com\/sl\/wp-json\/wp\/v2\/product\/13873"}],"collection":[{"href":"https:\/\/vivalagaia.com\/sl\/wp-json\/wp\/v2\/product"}],"about":[{"href":"https:\/\/vivalagaia.com\/sl\/wp-json\/wp\/v2\/types\/product"}],"replies":[{"embeddable":true,"href":"https:\/\/vivalagaia.com\/sl\/wp-json\/wp\/v2\/comments?post=13873"}],"wp:featuredmedia":[{"embeddable":true,"href":"https:\/\/vivalagaia.com\/sl\/wp-json\/wp\/v2\/media\/12924"}],"wp:attachment":[{"href":"https:\/\/vivalagaia.com\/sl\/wp-json\/wp\/v2\/media?parent=13873"}],"wp:term":[{"taxonomy":"product_cat","embeddable":true,"href":"https:\/\/vivalagaia.com\/sl\/wp-json\/wp\/v2\/product_cat?post=13873"},{"taxonomy":"product_tag","embeddable":true,"href":"https:\/\/vivalagaia.com\/sl\/wp-json\/wp\/v2\/product_tag?post=13873"}],"curies":[{"name":"wp","href":"https:\/\/api.w.org\/{rel}","templated":true}]}}