{"id":13882,"date":"2023-03-28T12:53:29","date_gmt":"2023-03-28T11:53:29","guid":{"rendered":"https:\/\/vivalagaia.com\/products\/uncategorized\/himalajska-kristalna-roznata-sol-granulat\/"},"modified":"2024-07-09T13:40:38","modified_gmt":"2024-07-09T12:40:38","slug":"himalajska-kristalna-sol-roznata-granulat","status":"publish","type":"product","link":"https:\/\/vivalagaia.com\/sl\/produkti\/spice-it-up-sl\/nerafinirana-sol\/himalajska-kristalna-sol-roznata-granulat\/","title":{"rendered":"Himalajska kristalna ro\u017enata sol, granulat"},"content":{"rendered":"<p><strong>Ro\u017enata himalajska sol je vrsta kamene soli, ki jo kopljejo v Himalaji v Pakistanu. Znana je po svojem edinstvenem in bogatem okusu, ki je posledica visoke vsebnosti mineralov. Sol je znana tudi po svoji izraziti ro\u017enati barvi, ki je posledica prisotnosti \u017eeleza, magnezija in drugih mineralov v sledovih.<\/strong><\/p>\n<p>Roza himalajska sol se pogosto uporablja kot zaklju\u010dna sol in je priljubljena pri kuhanju in peki. Dodamo jo lahko razli\u010dnim jedem za popestritev okusa in barve. Uporablja se tudi za izdelavo solnih blokov za peko na \u017earu in pe\u010denje ter zdravili\u0161ke tretmaje, kot so solni pilingi.<\/p>\n<p>Velike kocke se uporabljajo tudi za izdelavo svetilk iz himalajske soli, ki naj bi \u010distile zrak.<\/p>\n<blockquote><p><strong>Menijo, da ima ro\u017enata himalajska sol tudi koristi za zdravje, kot je pomo\u010d pri uravnavanju vsebnosti vode v telesu, izbolj\u0161anje stanja mineralov in spodbujanje zdravega ravnovesja pH v celicah.<\/strong><\/p><\/blockquote>\n<p>Vendar je pomembno vedeti, da te trditve niso znanstveno dokazane.<\/p>\n<p><strong>Hraniti na suhem, hladnem mestu, za\u0161\u010diteno pred son\u010dno svetlobo.<\/strong><\/p>\n<p>Roza himalajska sol spada med nerafinirane soli. Med rafinirano kuhinjsko soljo in nerafinirano soljo obstajajo pomembne razlike, predvsem v smislu predelave, vsebnosti mineralov in mo\u017enih u\u010dinkov na zdravje. Ve\u010d o tem si lahko preberete v <a href=\"https:\/\/vivalagaia.com\/sl\/blog-sl\/ali-obstaja-razlika-med-rafinirano-kuhinjsko-soljo-in-nerafinirano-soljo\/\">blogu<\/a>.<\/p>\n<p><strong>Poreklo: izven EU<\/strong><\/p>\n","protected":false},"excerpt":{"rendered":"<p><strong>Spice It Up!<\/strong><br \/>\n<strong>HIMALAJSKA KRISTALNA RO\u017dNATA SOL<\/strong><br \/>\n<strong>GRANULATE, 2 &#8211; 5 MM<\/strong><\/p>\n<ul>\n<li>Edinstven in bogat okus \u2013 rezultat visoke vsebnosti mineralov!<\/li>\n<li>Izrazita roza barva zaradi prisotnosti \u017eeleza, magnezija in mineralov v sledovih!<\/li>\n<li>Dragocena sol, ki se uporablja kot zaklju\u010dna sol!<\/li>\n<li>Priljubljena pri kuhanju in peki.<\/li>\n<li>Groba sol<\/li>\n<\/ul>\n<blockquote><p><strong>Vnesite bo\u017eanskost v svoj dom. <\/strong><br \/>\n<strong>Sol vseh soli s tibetanskih planot!<\/strong><\/p><\/blockquote>\n<p>Poskusite na\u0161o himalajsko kristalno ro\u017enato sol.<\/p>\n","protected":false},"featured_media":12888,"comment_status":"closed","ping_status":"closed","template":"","meta":{"om_disable_all_campaigns":false,"_monsterinsights_skip_tracking":false,"_monsterinsights_sitenote_active":false,"_monsterinsights_sitenote_note":"","_monsterinsights_sitenote_category":0},"product_cat":[186,185],"product_tag":[190,215],"aioseo_notices":[],"_links":{"self":[{"href":"https:\/\/vivalagaia.com\/sl\/wp-json\/wp\/v2\/product\/13882"}],"collection":[{"href":"https:\/\/vivalagaia.com\/sl\/wp-json\/wp\/v2\/product"}],"about":[{"href":"https:\/\/vivalagaia.com\/sl\/wp-json\/wp\/v2\/types\/product"}],"replies":[{"embeddable":true,"href":"https:\/\/vivalagaia.com\/sl\/wp-json\/wp\/v2\/comments?post=13882"}],"wp:featuredmedia":[{"embeddable":true,"href":"https:\/\/vivalagaia.com\/sl\/wp-json\/wp\/v2\/media\/12888"}],"wp:attachment":[{"href":"https:\/\/vivalagaia.com\/sl\/wp-json\/wp\/v2\/media?parent=13882"}],"wp:term":[{"taxonomy":"product_cat","embeddable":true,"href":"https:\/\/vivalagaia.com\/sl\/wp-json\/wp\/v2\/product_cat?post=13882"},{"taxonomy":"product_tag","embeddable":true,"href":"https:\/\/vivalagaia.com\/sl\/wp-json\/wp\/v2\/product_tag?post=13882"}],"curies":[{"name":"wp","href":"https:\/\/api.w.org\/{rel}","templated":true}]}}