{"id":13888,"date":"2023-03-28T09:34:02","date_gmt":"2023-03-28T08:34:02","guid":{"rendered":"https:\/\/vivalagaia.com\/products\/nekategorizirano\/havajska-zlato-rdeca-sol-alea\/"},"modified":"2024-05-20T00:00:34","modified_gmt":"2024-05-19T23:00:34","slug":"havajska-sol-alea-zlato-rdeca","status":"publish","type":"product","link":"https:\/\/vivalagaia.com\/sl\/produkti\/spice-it-up-sl\/nerafinirana-sol\/havajska-sol-alea-zlato-rdeca\/","title":{"rendered":"Havajska zlato-rde\u010da sol \u2013 alea"},"content":{"rendered":"<p><strong>Za Havajce je sol bistvena sestavina pri doseganju notranjega ravnovesja. Podpira naravni tok \u017eivljenja in simbolizira globoko povezanost z naravo.<\/strong><\/p>\n<p>Rde\u010da havajska sol je vrsta morske soli, ki jo pridobivajo iz slane vode Tihega oceana, natan\u010dneje s Havajskih otokov. Slano vodo \u010drpajo v velike bazene, od koder s pomo\u010djo sonca izhlapi in tvori solne kristale. Soli nato dodajo rde\u010do glino, ki ji daje zna\u010dilno rde\u010do barvo.<\/p>\n<p>Rde\u010da glina je bogata z \u017eelezovim oksidom, ki soli daje barvo. Sol je znana po svojem edinstvenem in bogatem okusu, ki je posledica visoke vsebnosti mineralov iz vulkanske zemlje Havajskih otokov.<\/p>\n<p>Velja za sol vrhunske kakovosti in se v kulinariki uporablja kot kon\u010dna sol za meso, ribe, zelenjavo in sladice. Uporablja se lahko tudi za pripravo doma\u010dih za\u010dimbnih me\u0161anic in napitkov.<\/p>\n<p>Pomembno je omeniti, da je rde\u010da havajska sol gurmanski izdelek, zato je njena cena visoka!<\/p>\n<blockquote><p><strong>Nekateri verjamejo, da ima lahko rde\u010da glina v soli nekatere koristi za zdravje, na primer pomaga pri razstrupljanju telesa in izbolj\u0161a prebavo. Vendar te trditve niso znanstveno dokazane.<\/strong><\/p><\/blockquote>\n<p><strong>Skladi\u0161\u010diti v suhem, hladnem prostoru, za\u0161\u010diteno pred son\u010dno svetlobo.<\/strong><\/p>\n<p><strong>Izvor: izven EU<\/strong><\/p>\n","protected":false},"excerpt":{"rendered":"<p><strong>Spice It Up<\/strong><br \/>\n<strong>HAVAJSKA ZLATO-RDE\u010cA SOL \u2013 ALEA<\/strong><br \/>\n<strong>SREDNJE MLETA, 1-2 MM<\/strong><\/p>\n<ul>\n<li>Sol vrhunske kakovosti!<\/li>\n<li>Edinstven in bogat okus!<\/li>\n<li>Visoka vsebnost mineralov (iz vulkanske zemlje)!<\/li>\n<li>Za piko na i kulinari\u010dnih mojstrovin!<\/li>\n<li>Samo za prave gurmane!<\/li>\n<\/ul>\n<blockquote><p><strong>Odkrijte, kak\u0161en je okus divjega. <\/strong><br \/>\n<strong>Pridobljena z obale Tihega oceana in pome\u0161ana z z \u017eelezom bogato vulkansko rde\u010do zemljo Alaea, ki daje soli rde\u010do barvo.<\/strong><\/p><\/blockquote>\n<p>Preizkusite na\u0161o misti\u010dno rde\u010do glineno sol&#8230;<\/p>\n","protected":false},"featured_media":12884,"comment_status":"closed","ping_status":"closed","template":"","meta":{"om_disable_all_campaigns":false,"_monsterinsights_skip_tracking":false,"_monsterinsights_sitenote_active":false,"_monsterinsights_sitenote_note":"","_monsterinsights_sitenote_category":0},"product_cat":[186,185],"product_tag":[190],"aioseo_notices":[],"_links":{"self":[{"href":"https:\/\/vivalagaia.com\/sl\/wp-json\/wp\/v2\/product\/13888"}],"collection":[{"href":"https:\/\/vivalagaia.com\/sl\/wp-json\/wp\/v2\/product"}],"about":[{"href":"https:\/\/vivalagaia.com\/sl\/wp-json\/wp\/v2\/types\/product"}],"replies":[{"embeddable":true,"href":"https:\/\/vivalagaia.com\/sl\/wp-json\/wp\/v2\/comments?post=13888"}],"wp:featuredmedia":[{"embeddable":true,"href":"https:\/\/vivalagaia.com\/sl\/wp-json\/wp\/v2\/media\/12884"}],"wp:attachment":[{"href":"https:\/\/vivalagaia.com\/sl\/wp-json\/wp\/v2\/media?parent=13888"}],"wp:term":[{"taxonomy":"product_cat","embeddable":true,"href":"https:\/\/vivalagaia.com\/sl\/wp-json\/wp\/v2\/product_cat?post=13888"},{"taxonomy":"product_tag","embeddable":true,"href":"https:\/\/vivalagaia.com\/sl\/wp-json\/wp\/v2\/product_tag?post=13888"}],"curies":[{"name":"wp","href":"https:\/\/api.w.org\/{rel}","templated":true}]}}