{"id":13899,"date":"2023-01-08T09:24:53","date_gmt":"2023-01-08T08:24:53","guid":{"rendered":"https:\/\/vivalagaia.com\/products\/nekategorizirano\/havajska-sol-crna-lava\/"},"modified":"2023-05-30T08:48:54","modified_gmt":"2023-05-30T07:48:54","slug":"havajska-sol-lava-crna","status":"publish","type":"product","link":"https:\/\/vivalagaia.com\/sl\/produkti\/spice-it-up-sl\/nerafinirana-sol\/havajska-sol-lava-crna\/","title":{"rendered":"Havajska sol &#8211; \u010drna lava"},"content":{"rendered":"<p><strong>Havajska lava sol, znana tudi kot havajska \u010drna lava sol, je vrsta nerafinirane soli, ki se tradicionalno uporablja v havajski kuhinji. Narejena je z me\u0161anjem morske soli z aktivnim ogljem, pridobljenim iz kamnin lave, in naj bi jo Havajci uporabljali \u017ee stoletja.<\/strong><\/p>\n<p>Za Havajce je sol bistvena sestavina pri doseganju notranjega ravnovesja. Podpira naravni tok \u017eivljenja in simbolizira globoko povezanost z naravo.<\/p>\n<p>\u010crna havajska lava sol je vrsta morske soli, ki je narejena iz slane vode Tihega oceana, natan\u010dneje s Havajskih otokov. Slano vodo \u010drpajo v velike bazene, od koder s pomo\u010djo sonca izhlapi in tvori solne kristale. Sol se nato zme\u0161a z aktivnim ogljem, da dobi zna\u010dilno \u010drno barvo.<\/p>\n<blockquote><p><strong>Sol je znana po svojem edinstvenem in bogatem okusu, ki je posledica visoke vsebnosti mineralov iz vulkanske zemlje Havajskih otokov. Velja za sol vrhunske kakovosti in se v kulinariki uporablja kot kon\u010dna sol za meso, ribe, zelenjavo in sladice. Uporablja se lahko tudi za pripravo doma\u010dih za\u010dimbnih me\u0161anic in napitkov.<\/strong><\/p><\/blockquote>\n<p>Aktivno oglje v \u010drni lava soli je znano po svojih razstrupljevalnih lastnostih. Pomagala naj bi pri prebavi in absorpciji hranil.<br \/>\nPomembno je omeniti, da je \u010drna havajska lava sol gurmanski izdelek, zato je njena cena visoka!<\/p>\n<p><strong>Skladi\u0161\u010diti v suhem, hladnem prostoru, za\u0161\u010diteno pred son\u010dno svetlobo.<\/strong><\/p>\n<p><strong>Izvor: izven EU<\/strong><\/p>\n","protected":false},"excerpt":{"rendered":"<p><strong>Spice It Up<\/strong><br \/>\n<strong>HAVAJSKA SOL &#8211; \u010cRNA LAVA<\/strong><br \/>\n<strong>SREDNJE MLETA, 1 \u2013 2 mm<\/strong><\/p>\n<ul>\n<li>Sol vrhunske kakovosti!<\/li>\n<li>Edinstven in bogat okus!<\/li>\n<li>Visoka vsebnost mineralov (iz vulkanske zemlje)!<\/li>\n<li>Za piko na i kulinari\u010dnih mojstrovin!<\/li>\n<li>Samo za prave gurmane!<\/li>\n<\/ul>\n<blockquote><p><strong>Na\u0161a posebna sol s Havajev.<\/strong><br \/>\n<strong>Pridobljena z obale Tihega oceana in pome\u0161ana s \u010distim aktivnim ogljem iz kamnin lave.<\/strong><\/p><\/blockquote>\n<p>Kaj \u010de &#8230; je to starodavni \u010darobni prah Zemlje?<\/p>\n","protected":false},"featured_media":12880,"comment_status":"closed","ping_status":"closed","template":"","meta":{"om_disable_all_campaigns":false,"_monsterinsights_skip_tracking":false,"_monsterinsights_sitenote_active":false,"_monsterinsights_sitenote_note":"","_monsterinsights_sitenote_category":0},"product_cat":[186,185],"product_tag":[190],"aioseo_notices":[],"_links":{"self":[{"href":"https:\/\/vivalagaia.com\/sl\/wp-json\/wp\/v2\/product\/13899"}],"collection":[{"href":"https:\/\/vivalagaia.com\/sl\/wp-json\/wp\/v2\/product"}],"about":[{"href":"https:\/\/vivalagaia.com\/sl\/wp-json\/wp\/v2\/types\/product"}],"replies":[{"embeddable":true,"href":"https:\/\/vivalagaia.com\/sl\/wp-json\/wp\/v2\/comments?post=13899"}],"wp:featuredmedia":[{"embeddable":true,"href":"https:\/\/vivalagaia.com\/sl\/wp-json\/wp\/v2\/media\/12880"}],"wp:attachment":[{"href":"https:\/\/vivalagaia.com\/sl\/wp-json\/wp\/v2\/media?parent=13899"}],"wp:term":[{"taxonomy":"product_cat","embeddable":true,"href":"https:\/\/vivalagaia.com\/sl\/wp-json\/wp\/v2\/product_cat?post=13899"},{"taxonomy":"product_tag","embeddable":true,"href":"https:\/\/vivalagaia.com\/sl\/wp-json\/wp\/v2\/product_tag?post=13899"}],"curies":[{"name":"wp","href":"https:\/\/api.w.org\/{rel}","templated":true}]}}