{"id":13900,"date":"2023-03-08T09:38:02","date_gmt":"2023-03-08T08:38:02","guid":{"rendered":"https:\/\/vivalagaia.com\/products\/nekategorizirano\/keltska-morska-sol\/"},"modified":"2023-08-30T13:09:12","modified_gmt":"2023-08-30T12:09:12","slug":"keltska-morska-sol-fino-mleta","status":"publish","type":"product","link":"https:\/\/vivalagaia.com\/sl\/produkti\/spice-it-up-sl\/keltska-morska-sol-fino-mleta\/","title":{"rendered":"Keltska morska sol"},"content":{"rendered":"<p><strong>Zaradi edinstvene svetlo sive barve in zna\u010dilnega okusa je keltska morska sol odli\u010dna za \u0161tevilne jedi.<\/strong><\/p>\n<p>Keltska morska sol je vrsta morke soli, ki se tradicionalno nabira v obalnih regijah Francije, zlasti v regiji Bretanija. Sol se proizvaja s tradicionalno metodo, znano kot &#8220;paludier&#8221;, pri kateri se morska voda zbira v plitvih bazenih in nato izhlapeva s pomo\u010djo sonca in vetra. Na ta na\u010din se ohranja naravna vsebnost mineralov in proizvaja visokokakovostna morska sol.<\/p>\n<p><strong>Keltska sol je obi\u010dajno sive barve in ima vla\u017eno, drobljivo strukturo. Ima izrazit, bogat in rahlo sladek okus z mineralnim pridihom zaradi visoke vsebnosti mineralov, ki naj bi jih vsebovala ve\u010d kot 80 vrst.<\/strong><\/p>\n<p>Keltska sol se pogosto uporablja kot kon\u010dna sol in je priljubljena pri kuhanju in peki. Dodamo jo lahko razli\u010dnim jedem za popestritev okusa in barve. Uporablja se tudi za izdelavo solnih blokov za peko na \u017earu in pe\u010denje ter zdravili\u0161ke tretmaje, kot so solni pilingi.<\/p>\n<p>Velja za bolj zdravo alternativo obi\u010dajni kuhinjski soli zaradi naravne vsebnosti mineralov in tradicionalnega na\u010dina pridobivanja.<\/p>\n<p><strong>Skladi\u0161\u010diti v suhem, hladnem prostoru, za\u0161\u010diteno pred son\u010dno svetlobo.<\/strong><\/p>\n<p><strong>Izvor: EU<\/strong><\/p>\n","protected":false},"excerpt":{"rendered":"<p><strong>Spice It Up!<\/strong><br \/>\n<strong>KELTSKA MORSKA SOL<\/strong><br \/>\n<strong>FINO MLETA, &lt;1.25 mm<\/strong><\/p>\n<ul>\n<li>Priljubljena zaklju\u010dna sol pri kuhanju in peki!<\/li>\n<li>Edinstvena svetlo siva barva in zna\u010dilen okus!<\/li>\n<li>Vla\u017ena in drobljiva tekstura!<\/li>\n<li>Vsebuje ve\u010d kot 80 mineralov v sledovih!<\/li>\n<li>Tradicionalno pridelana v obalnih regijah Bretanje!<\/li>\n<li>Fina sol<\/li>\n<\/ul>\n<blockquote><p><strong>Odkrijte keltsko skrivnost. <\/strong><br \/>\n<strong>&#8220;Sel de Guerande&#8221; &#8211; tradicionalno pridelana sol iz Bretanje v Franciji.<\/strong><\/p><\/blockquote>\n<p>Poskusite na\u0161o keltsko morsko sol&#8230;<\/p>\n","protected":false},"featured_media":12878,"comment_status":"closed","ping_status":"closed","template":"","meta":{"om_disable_all_campaigns":false,"_monsterinsights_skip_tracking":false,"_monsterinsights_sitenote_active":false,"_monsterinsights_sitenote_note":"","_monsterinsights_sitenote_category":0},"product_cat":[186,185],"product_tag":[190,215],"aioseo_notices":[],"_links":{"self":[{"href":"https:\/\/vivalagaia.com\/sl\/wp-json\/wp\/v2\/product\/13900"}],"collection":[{"href":"https:\/\/vivalagaia.com\/sl\/wp-json\/wp\/v2\/product"}],"about":[{"href":"https:\/\/vivalagaia.com\/sl\/wp-json\/wp\/v2\/types\/product"}],"replies":[{"embeddable":true,"href":"https:\/\/vivalagaia.com\/sl\/wp-json\/wp\/v2\/comments?post=13900"}],"wp:featuredmedia":[{"embeddable":true,"href":"https:\/\/vivalagaia.com\/sl\/wp-json\/wp\/v2\/media\/12878"}],"wp:attachment":[{"href":"https:\/\/vivalagaia.com\/sl\/wp-json\/wp\/v2\/media?parent=13900"}],"wp:term":[{"taxonomy":"product_cat","embeddable":true,"href":"https:\/\/vivalagaia.com\/sl\/wp-json\/wp\/v2\/product_cat?post=13900"},{"taxonomy":"product_tag","embeddable":true,"href":"https:\/\/vivalagaia.com\/sl\/wp-json\/wp\/v2\/product_tag?post=13900"}],"curies":[{"name":"wp","href":"https:\/\/api.w.org\/{rel}","templated":true}]}}