{"id":14887,"date":"2023-08-31T22:53:06","date_gmt":"2023-08-31T21:53:06","guid":{"rendered":"https:\/\/vivalagaia.com\/?post_type=product&#038;p=14887"},"modified":"2024-04-26T12:43:09","modified_gmt":"2024-04-26T11:43:09","slug":"vitaminski-gumi-bonboni-za-otroski-razvoj","status":"publish","type":"product","link":"https:\/\/vivalagaia.com\/sl\/produkti\/viva-boost-sl\/vitaminski-gumi-bonboni-za-otroski-razvoj\/","title":{"rendered":"VITAMINSKI GUMI BONBONI ZA OTRO\u0160KI RAZVOJ"},"content":{"rendered":"<p>Multivitaminsko prehransko dopolnilo za otroke z okusom pomaran\u010de vsebuje omega 3 ma\u0161\u010dobne kisline in vitamine A, D, E, B &amp; C.<br \/>\nOtro\u0161ki bonboni so brez umetnih barvil in okusov.<\/p>\n","protected":false},"excerpt":{"rendered":"<p>&nbsp;<\/p>\n<ul>\n<li>Vsebujejo bistvene vitamine za razvoj otrok starej\u0161ih od treh let.<\/li>\n<li>Vitamini C, B6, B12, niacin (B3) in pantotenska kislina (B5) prispevajo k zmanj\u0161evanju utrujenosti in iz\u010drpanosti.<\/li>\n<li>Vitamini A, D, C, B6, B12 spodbujajo delovanje imunskega sistema.<\/li>\n<li>Pantotenska kislina (B5) prispeva k umskim zmogljivostim.<\/li>\n<li>Vsebuje rastlinske omega 3 ma\u0161\u010dobne kisline.<\/li>\n<\/ul>\n<blockquote><p>Bonboni z okusom pomaran\u010de, ki jih otroci preprosto obo\u017eujejo.<br \/>\nZagotavljamo, da so vitaminski gumi bonboni tako okusni, da bodo otroci po njih z veseljem posegali prav vsak dan.<\/p><\/blockquote>\n<p>Oh, ja. Poskusite sami.<\/p>\n<p>Vsebina\/Doziranje: 30 bonbonov\/1 na dan<\/p>\n<blockquote><p><strong>Izberi katerakoli dva <a href=\"https:\/\/vivalagaia.com\/sl\/kategorija-produkta\/viva-boost-sl\/\">Viva boost<\/a> izdelka in prejmi bonbone <a href=\"https:\/\/vivalagaia.com\/sl\/produkti\/viva-boost-sl\/vitaminski-gumi-bonboni-zbranost-in-energija\/\">Zbranost in energija<\/a> BREZPLA\u010cNO!<\/strong><\/p><\/blockquote>\n","protected":false},"featured_media":14955,"comment_status":"closed","ping_status":"closed","template":"","meta":{"om_disable_all_campaigns":false,"_monsterinsights_skip_tracking":false,"_monsterinsights_sitenote_active":false,"_monsterinsights_sitenote_note":"","_monsterinsights_sitenote_category":0},"product_cat":[346,345],"product_tag":[351,196,347,352,350,204,349,348,353],"aioseo_notices":[],"_links":{"self":[{"href":"https:\/\/vivalagaia.com\/sl\/wp-json\/wp\/v2\/product\/14887"}],"collection":[{"href":"https:\/\/vivalagaia.com\/sl\/wp-json\/wp\/v2\/product"}],"about":[{"href":"https:\/\/vivalagaia.com\/sl\/wp-json\/wp\/v2\/types\/product"}],"replies":[{"embeddable":true,"href":"https:\/\/vivalagaia.com\/sl\/wp-json\/wp\/v2\/comments?post=14887"}],"wp:featuredmedia":[{"embeddable":true,"href":"https:\/\/vivalagaia.com\/sl\/wp-json\/wp\/v2\/media\/14955"}],"wp:attachment":[{"href":"https:\/\/vivalagaia.com\/sl\/wp-json\/wp\/v2\/media?parent=14887"}],"wp:term":[{"taxonomy":"product_cat","embeddable":true,"href":"https:\/\/vivalagaia.com\/sl\/wp-json\/wp\/v2\/product_cat?post=14887"},{"taxonomy":"product_tag","embeddable":true,"href":"https:\/\/vivalagaia.com\/sl\/wp-json\/wp\/v2\/product_tag?post=14887"}],"curies":[{"name":"wp","href":"https:\/\/api.w.org\/{rel}","templated":true}]}}