{"id":16366,"date":"2024-04-10T06:40:10","date_gmt":"2024-04-10T05:40:10","guid":{"rendered":"https:\/\/vivalagaia.com\/?post_type=product&#038;p=16366"},"modified":"2024-08-12T16:45:56","modified_gmt":"2024-08-12T15:45:56","slug":"gumi-bonboni-s-kurkumo-in-ingverjem","status":"publish","type":"product","link":"https:\/\/vivalagaia.com\/sl\/produkti\/viva-boost-sl\/gumi-bonboni-s-kurkumo-in-ingverjem\/","title":{"rendered":"GUMI BONBONI &#8211; KURKUMA IN INGVER"},"content":{"rendered":"<p>Prehransko dopolnilo z naravnimi rastlinskimi izvle\u010dki kurkume in ingverja.<\/p>\n<p>Primerno za vegane. Brez umetnih barvil, arom, konzervansov in laktoze.<\/p>\n<p>\u010ce i\u0161\u010dete okusen in priro\u010den na\u010din za dodajanje kurkume in ingverja v svojo prehrano, so ti okusni veganski gumiji odli\u010den dodatek k zdravi in uravnote\u017eeni prehrani.<\/p>\n<p>Korenina ingverja (podzemno steblo) se uporablja kot kulinari\u010dna za\u010dimba in tradicionalno zdravilo. Pripisujejo ji protivnetni u\u010dinek in izbolj\u0161anje delovanja prebavil.<\/p>\n<p>Kurkuma vsebuje kurkumin, aktivno spojino, ki ugodno vpliva na zdravje ko\u017ee pri ko\u017enih obolenjih in lahko zmanj\u0161a otekanje. U\u017eivanje kurkume zmanj\u0161uje simptome senenega nahoda, kot so kihanje, srbenje, izcedek iz nosu in zama\u0161enost. Izvle\u010dki kurkume, sami ali v kombinaciji z ingverjem, lahko zmanj\u0161ajo bole\u010dino in izbolj\u0161ajo delovanje pri ljudeh z osteoartritisom, zni\u017eajo raven holesterola in zmanj\u0161ajo simptome depresije.<\/p>\n<p>Viva Boost kolekcija ponuja naravna prehranska dopolnila za zdravje in lepoto, ki delujejo in imajo dober okus. S skrbno formulacijo in izbiro sestavin najvi\u0161je kakovosti zagotavljajo, da va\u0161e telo prejme najbolj u\u010dinkovite oblike vitaminov, mineralov in drugih u\u010dinkovin, ki jih glede na \u017eeljene u\u010dinke tudi potrebuje.<\/p>\n","protected":false},"excerpt":{"rendered":"<ul>\n<li>Naravni vir antioksidantov in protivnetnih snovi.<\/li>\n<li>Naravni rastlinski izvle\u010dki, ki se tradicionalno uporabljajo za podporo zdravju ko\u017ee, sklepov in \u010drevesja.<\/li>\n<li>Zadovoljite svoje brbon\u010dice in izkoristi ne\u0161teto prednosti kurkume in ingverja.<\/li>\n<li>Primerno za vegane.<\/li>\n<li>Odli\u010den okus breskev, brez umetnih arom in barvil.<\/li>\n<\/ul>\n<blockquote><p>Prepustite se izbruhu dobrega okusa in po\u010dutja z gumijastimi bomboni, ki vsebujejo 495 mg kurkume in 250 mg ingverja v enem bonbonu.<br \/>\nPrimerni za mo\u0161ke in \u017eenske.<\/p><\/blockquote>\n<p>Oh, ja. Poskusite sami.<\/p>\n<p>Vsebina\/doziranje: 60 bonbonov\/1 na dan<\/p>\n","protected":false},"featured_media":16489,"comment_status":"closed","ping_status":"closed","template":"","meta":{"om_disable_all_campaigns":false,"_monsterinsights_skip_tracking":false,"_monsterinsights_sitenote_active":false,"_monsterinsights_sitenote_note":"","_monsterinsights_sitenote_category":0},"product_cat":[346,345],"product_tag":[596,597,191,598,599,600,352,348,601,215],"aioseo_notices":[],"_links":{"self":[{"href":"https:\/\/vivalagaia.com\/sl\/wp-json\/wp\/v2\/product\/16366"}],"collection":[{"href":"https:\/\/vivalagaia.com\/sl\/wp-json\/wp\/v2\/product"}],"about":[{"href":"https:\/\/vivalagaia.com\/sl\/wp-json\/wp\/v2\/types\/product"}],"replies":[{"embeddable":true,"href":"https:\/\/vivalagaia.com\/sl\/wp-json\/wp\/v2\/comments?post=16366"}],"wp:featuredmedia":[{"embeddable":true,"href":"https:\/\/vivalagaia.com\/sl\/wp-json\/wp\/v2\/media\/16489"}],"wp:attachment":[{"href":"https:\/\/vivalagaia.com\/sl\/wp-json\/wp\/v2\/media?parent=16366"}],"wp:term":[{"taxonomy":"product_cat","embeddable":true,"href":"https:\/\/vivalagaia.com\/sl\/wp-json\/wp\/v2\/product_cat?post=16366"},{"taxonomy":"product_tag","embeddable":true,"href":"https:\/\/vivalagaia.com\/sl\/wp-json\/wp\/v2\/product_tag?post=16366"}],"curies":[{"name":"wp","href":"https:\/\/api.w.org\/{rel}","templated":true}]}}